{"id":37,"date":"2024-10-04T13:13:20","date_gmt":"2024-10-04T13:13:20","guid":{"rendered":"https:\/\/www.merakidigital.eu\/innexta\/?page_id=37"},"modified":"2025-02-20T17:43:50","modified_gmt":"2025-02-20T16:43:50","slug":"strumenti-di-monitoraggio","status":"publish","type":"page","link":"https:\/\/innexta.it\/skill_up\/strumenti-di-monitoraggio\/","title":{"rendered":"strumenti di monitoraggio per la prevenzione della crisi di impresa"},"content":{"rendered":"\t\t<div data-elementor-type=\"wp-page\" data-elementor-id=\"37\" class=\"elementor elementor-37\" data-elementor-post-type=\"page\">\n\t\t\t\t<div class=\"elementor-element elementor-element-f966ba8 e-con-full e-flex e-con e-parent\" data-id=\"f966ba8\" data-element_type=\"container\" data-settings=\"{&quot;background_background&quot;:&quot;classic&quot;}\">\n\t\t<div class=\"elementor-element elementor-element-1d34068 e-con-full e-flex e-con e-child\" data-id=\"1d34068\" data-element_type=\"container\">\n\t\t\t\t<div class=\"elementor-element elementor-element-02ad8dc elementor-widget elementor-widget-heading\" data-id=\"02ad8dc\" data-element_type=\"widget\" data-widget_type=\"heading.default\">\n\t\t\t\t<div class=\"elementor-widget-container\">\n\t\t\t<h2 class=\"elementor-heading-title elementor-size-default\">STRUMENTI DI MONITORAGGIO<BR>PER LA PREVENZIONE DELLA CRISI<br>DI IMPRESA<\/h2>\t\t<\/div>\n\t\t\t\t<\/div>\n\t\t\t\t<div class=\"elementor-element elementor-element-d5da8b5 elementor-hidden-tablet elementor-hidden-mobile elementor-widget elementor-widget-image\" data-id=\"d5da8b5\" data-element_type=\"widget\" data-widget_type=\"image.default\">\n\t\t\t\t<div class=\"elementor-widget-container\">\n\t\t\t\t\t\t\t\t\t\t\t\t\t<img fetchpriority=\"high\" decoding=\"async\" width=\"1600\" height=\"942\" src=\"https:\/\/innexta.it\/skill_up\/wp-content\/uploads\/2024\/10\/Icona_obiettivi_durata-modalita_5.png\" class=\"attachment-full size-full wp-image-2604\" alt=\"\" srcset=\"https:\/\/innexta.it\/skill_up\/wp-content\/uploads\/2024\/10\/Icona_obiettivi_durata-modalita_5.png 1600w, https:\/\/innexta.it\/skill_up\/wp-content\/uploads\/2024\/10\/Icona_obiettivi_durata-modalita_5-300x177.png 300w, https:\/\/innexta.it\/skill_up\/wp-content\/uploads\/2024\/10\/Icona_obiettivi_durata-modalita_5-1024x603.png 1024w, https:\/\/innexta.it\/skill_up\/wp-content\/uploads\/2024\/10\/Icona_obiettivi_durata-modalita_5-768x452.png 768w, https:\/\/innexta.it\/skill_up\/wp-content\/uploads\/2024\/10\/Icona_obiettivi_durata-modalita_5-1536x904.png 1536w\" sizes=\"(max-width: 1600px) 100vw, 1600px\" \/>\t\t\t\t\t\t\t\t\t\t\t\t\t<\/div>\n\t\t\t\t<\/div>\n\t\t\t\t<div class=\"elementor-element elementor-element-5806023 elementor-hidden-desktop elementor-widget elementor-widget-image\" data-id=\"5806023\" data-element_type=\"widget\" data-widget_type=\"image.default\">\n\t\t\t\t<div class=\"elementor-widget-container\">\n\t\t\t\t\t\t\t\t\t\t\t\t\t<img decoding=\"async\" width=\"1600\" height=\"942\" src=\"https:\/\/innexta.it\/skill_up\/wp-content\/uploads\/2024\/11\/Strumenti-di-monitoraggio_ok_Mobile_4.jpg\" class=\"attachment-full size-full wp-image-2954\" alt=\"\" srcset=\"https:\/\/innexta.it\/skill_up\/wp-content\/uploads\/2024\/11\/Strumenti-di-monitoraggio_ok_Mobile_4.jpg 1600w, https:\/\/innexta.it\/skill_up\/wp-content\/uploads\/2024\/11\/Strumenti-di-monitoraggio_ok_Mobile_4-300x177.jpg 300w, https:\/\/innexta.it\/skill_up\/wp-content\/uploads\/2024\/11\/Strumenti-di-monitoraggio_ok_Mobile_4-1024x603.jpg 1024w, https:\/\/innexta.it\/skill_up\/wp-content\/uploads\/2024\/11\/Strumenti-di-monitoraggio_ok_Mobile_4-768x452.jpg 768w, https:\/\/innexta.it\/skill_up\/wp-content\/uploads\/2024\/11\/Strumenti-di-monitoraggio_ok_Mobile_4-1536x904.jpg 1536w\" sizes=\"(max-width: 1600px) 100vw, 1600px\" \/>\t\t\t\t\t\t\t\t\t\t\t\t\t<\/div>\n\t\t\t\t<\/div>\n\t\t\t\t<div class=\"elementor-element elementor-element-571905d elementor-widget elementor-widget-text-editor\" data-id=\"571905d\" data-element_type=\"widget\" data-widget_type=\"text-editor.default\">\n\t\t\t\t<div class=\"elementor-widget-container\">\n\t\t\t\t\t\t\t<p>Il corso, facendo riferimento al Codice della crisi d&#8217;impresa e dell\u2019insolvenza, trasferisce conoscenze, logiche e strumenti funzionali ad una adeguata analisi dei dati finanziari aziendali al fine di rendere i fruitori in grado di cogliere eventuali segnali anticipatori della crisi e di intraprendere azioni utili a rientrare in una condizione di equilibrio economico-finanziario.<\/p>\t\t\t\t\t\t<\/div>\n\t\t\t\t<\/div>\n\t\t\t\t<div class=\"elementor-element elementor-element-7f5b7a9 readmoretoggle elementor-widget elementor-widget-n-accordion\" data-id=\"7f5b7a9\" data-element_type=\"widget\" data-settings=\"{&quot;default_state&quot;:&quot;all_collapsed&quot;,&quot;n_accordion_animation_duration&quot;:{&quot;unit&quot;:&quot;ms&quot;,&quot;size&quot;:1100,&quot;sizes&quot;:[]},&quot;max_items_expended&quot;:&quot;one&quot;}\" data-widget_type=\"nested-accordion.default\">\n\t\t\t\t<div class=\"elementor-widget-container\">\n\t\t\t\t\t<div class=\"e-n-accordion\" aria-label=\"Accordion. Open links with Enter or Space, close with Escape, and navigate with Arrow Keys\">\n\t\t\t\t\t\t<details id=\"e-n-accordion-item-1330\" class=\"e-n-accordion-item\" >\n\t\t\t\t<summary class=\"e-n-accordion-item-title\" data-accordion-index=\"1\" tabindex=\"0\" aria-expanded=\"false\" aria-controls=\"e-n-accordion-item-1330\" >\n\t\t\t\t\t<span class='e-n-accordion-item-title-header'><div class=\"e-n-accordion-item-title-text\"> leggi tutto  <\/div><\/span>\n\t\t\t\t\t\t\t\t\t<\/summary>\n\t\t\t\t<div role=\"region\" aria-labelledby=\"e-n-accordion-item-1330\" class=\"elementor-element elementor-element-febf858 e-con-full e-flex e-con e-child\" data-id=\"febf858\" data-element_type=\"container\">\n\t\t\t\t<div class=\"elementor-element elementor-element-b1eff66 elementor-widget elementor-widget-text-editor\" data-id=\"b1eff66\" data-element_type=\"widget\" data-widget_type=\"text-editor.default\">\n\t\t\t\t<div class=\"elementor-widget-container\">\n\t\t\t\t\t\t\t<p>La capacit\u00e0 di prevenire e gestire le crisi d&#8217;impresa, infatti, \u00e8 diventata un elemento cruciale per il successo e la continuit\u00e0 aziendale.<\/p><p>Il corso \u00e8 progettato per offrire una guida su come implementare un efficace sistema di monitoraggio che possa individuare segnali precoci di potenziali crisi e fornire strumenti per affrontarle in modo proattivo.<\/p><p>Attraverso moduli interattivi e risorse pratiche, verranno acquisite le competenze necessarie per riconoscere gli indicatori chiave di una possibile crisi, interpretare i dati finanziari in modo accurato, valutare i rischi e sviluppare piani d&#8217;azione mirati.<\/p>\t\t\t\t\t\t<\/div>\n\t\t\t\t<\/div>\n\t\t\t\t<\/div>\n\t\t\t\t\t<\/details>\n\t\t\t\t\t<\/div>\n\t\t\t\t<\/div>\n\t\t\t\t<\/div>\n\t\t\t\t<\/div>\n\t\t<div class=\"elementor-element elementor-element-41f76cb e-con-full e-flex e-con e-child\" data-id=\"41f76cb\" data-element_type=\"container\">\n\t\t\t\t<div class=\"elementor-element elementor-element-6d6c457 elementor-widget elementor-widget-image\" data-id=\"6d6c457\" data-element_type=\"widget\" data-widget_type=\"image.default\">\n\t\t\t\t<div class=\"elementor-widget-container\">\n\t\t\t\t\t\t\t\t\t\t\t\t\t<img decoding=\"async\" width=\"800\" height=\"669\" src=\"https:\/\/innexta.it\/skill_up\/wp-content\/uploads\/2024\/10\/Monitoraggio_ridotta_2.png\" class=\"attachment-full size-full wp-image-1454\" alt=\"\" srcset=\"https:\/\/innexta.it\/skill_up\/wp-content\/uploads\/2024\/10\/Monitoraggio_ridotta_2.png 800w, https:\/\/innexta.it\/skill_up\/wp-content\/uploads\/2024\/10\/Monitoraggio_ridotta_2-300x251.png 300w, https:\/\/innexta.it\/skill_up\/wp-content\/uploads\/2024\/10\/Monitoraggio_ridotta_2-768x642.png 768w\" sizes=\"(max-width: 800px) 100vw, 800px\" \/>\t\t\t\t\t\t\t\t\t\t\t\t\t<\/div>\n\t\t\t\t<\/div>\n\t\t\t\t<div class=\"elementor-element elementor-element-b327ee4 elementor-widget elementor-widget-image\" data-id=\"b327ee4\" data-element_type=\"widget\" data-widget_type=\"image.default\">\n\t\t\t\t<div class=\"elementor-widget-container\">\n\t\t\t\t\t\t\t\t\t\t\t\t\t<img loading=\"lazy\" decoding=\"async\" width=\"809\" height=\"652\" src=\"https:\/\/innexta.it\/skill_up\/wp-content\/uploads\/2024\/10\/monitor-tagliato.png\" class=\"attachment-full size-full wp-image-2087\" alt=\"\" srcset=\"https:\/\/innexta.it\/skill_up\/wp-content\/uploads\/2024\/10\/monitor-tagliato.png 809w, https:\/\/innexta.it\/skill_up\/wp-content\/uploads\/2024\/10\/monitor-tagliato-300x242.png 300w, https:\/\/innexta.it\/skill_up\/wp-content\/uploads\/2024\/10\/monitor-tagliato-768x619.png 768w\" sizes=\"(max-width: 809px) 100vw, 809px\" \/>\t\t\t\t\t\t\t\t\t\t\t\t\t<\/div>\n\t\t\t\t<\/div>\n\t\t\t\t<\/div>\n\t\t\t\t<\/div>\n\t\t<div class=\"elementor-element elementor-element-3eaaed4 e-con-full e-flex e-con e-parent\" data-id=\"3eaaed4\" data-element_type=\"container\" data-settings=\"{&quot;background_background&quot;:&quot;classic&quot;}\">\n\t\t<div class=\"elementor-element elementor-element-76d0d77 e-con-full e-flex e-con e-child\" data-id=\"76d0d77\" data-element_type=\"container\">\n\t\t\t\t<div class=\"elementor-element elementor-element-6a778e4 elementor-widget elementor-widget-text-editor\" data-id=\"6a778e4\" data-element_type=\"widget\" data-widget_type=\"text-editor.default\">\n\t\t\t\t<div class=\"elementor-widget-container\">\n\t\t\t\t\t\t\t<p>Il corso \u00e8 suddiviso in\u00a0<span style=\"text-decoration: underline;\"><strong>3 capitoli<\/strong><\/span>\u00a0ognuno con specifici obiettivi di apprendimento:<\/p>\t\t\t\t\t\t<\/div>\n\t\t\t\t<\/div>\n\t\t\t\t<\/div>\n\t\t\t\t<\/div>\n\t\t<div class=\"elementor-element elementor-element-9c9f681 e-con-full e-flex e-con e-parent\" data-id=\"9c9f681\" data-element_type=\"container\" data-settings=\"{&quot;background_background&quot;:&quot;classic&quot;}\">\n\t\t<div class=\"elementor-element elementor-element-e17b76a e-con-full e-flex elementor-invisible e-con e-child\" data-id=\"e17b76a\" data-element_type=\"container\" data-settings=\"{&quot;background_background&quot;:&quot;classic&quot;,&quot;animation&quot;:&quot;fadeInUp&quot;,&quot;animation_delay&quot;:200}\">\n\t\t\t\t<div class=\"elementor-element elementor-element-ac3345a elementor-widget elementor-widget-heading\" data-id=\"ac3345a\" data-element_type=\"widget\" data-widget_type=\"heading.default\">\n\t\t\t\t<div class=\"elementor-widget-container\">\n\t\t\t<h2 class=\"elementor-heading-title elementor-size-default\">L'impianto del nuovo Codice della crisi d\u2019impresa e dell\u2019insolvenza<\/h2>\t\t<\/div>\n\t\t\t\t<\/div>\n\t\t\t\t<div class=\"elementor-element elementor-element-f928cb8 elementor-widget elementor-widget-text-editor\" data-id=\"f928cb8\" data-element_type=\"widget\" data-widget_type=\"text-editor.default\">\n\t\t\t\t<div class=\"elementor-widget-container\">\n\t\t\t\t\t\t\t<ul><li>Introduzione<\/li><li>Il &#8220;capitale di competenze&#8221; necessarie alla funzione amministrazione e finanza<\/li><li>Le definizioni di crisi ed insolvenza<\/li><li>La struttura del nuovo impianto normativo<\/li><li>Quali differenze per l&#8217;imprenditore individuale e la micro-impresa: specificit\u00e0, differenze e particolari esigenze<\/li><li>Focus sullo strumento della composizione negoziata<\/li><\/ul>\t\t\t\t\t\t<\/div>\n\t\t\t\t<\/div>\n\t\t\t\t<\/div>\n\t\t<div class=\"elementor-element elementor-element-75426e7 e-con-full e-flex elementor-invisible e-con e-child\" data-id=\"75426e7\" data-element_type=\"container\" data-settings=\"{&quot;background_background&quot;:&quot;classic&quot;,&quot;animation&quot;:&quot;fadeInUp&quot;,&quot;animation_delay&quot;:200}\">\n\t\t\t\t<div class=\"elementor-element elementor-element-c293657 elementor-widget elementor-widget-heading\" data-id=\"c293657\" data-element_type=\"widget\" data-widget_type=\"heading.default\">\n\t\t\t\t<div class=\"elementor-widget-container\">\n\t\t\t<h2 class=\"elementor-heading-title elementor-size-default\">Il nuovo ruolo dell\u2019imprenditore e il nuovo assetto organizzativo necessario<\/h2>\t\t<\/div>\n\t\t\t\t<\/div>\n\t\t\t\t<div class=\"elementor-element elementor-element-e25f09a elementor-widget elementor-widget-text-editor\" data-id=\"e25f09a\" data-element_type=\"widget\" data-widget_type=\"text-editor.default\">\n\t\t\t\t<div class=\"elementor-widget-container\">\n\t\t\t\t\t\t\t<ul><li>Introduzione<\/li><li>Cosa \u00e8 richiesto all&#8217;imprenditore? Le nuove responsabilit\u00e0 e i creditori<\/li><li>Il nuovo assetto organizzativo<\/li><\/ul>\t\t\t\t\t\t<\/div>\n\t\t\t\t<\/div>\n\t\t\t\t<\/div>\n\t\t<div class=\"elementor-element elementor-element-291e1d9 e-con-full e-flex elementor-invisible e-con e-child\" data-id=\"291e1d9\" data-element_type=\"container\" data-settings=\"{&quot;background_background&quot;:&quot;classic&quot;,&quot;animation&quot;:&quot;fadeInUp&quot;,&quot;animation_delay&quot;:400}\">\n\t\t\t\t<div class=\"elementor-element elementor-element-1418ecc elementor-hidden-tablet elementor-hidden-mobile elementor-widget elementor-widget-heading\" data-id=\"1418ecc\" data-element_type=\"widget\" data-widget_type=\"heading.default\">\n\t\t\t\t<div class=\"elementor-widget-container\">\n\t\t\t<h2 class=\"elementor-heading-title elementor-size-default\">Gli strumenti di monitoraggio<\/h2>\t\t<\/div>\n\t\t\t\t<\/div>\n\t\t\t\t<div class=\"elementor-element elementor-element-1e4685d elementor-hidden-desktop elementor-widget elementor-widget-heading\" data-id=\"1e4685d\" data-element_type=\"widget\" data-widget_type=\"heading.default\">\n\t\t\t\t<div class=\"elementor-widget-container\">\n\t\t\t<h2 class=\"elementor-heading-title elementor-size-default\">Gli strumenti di monitoraggio<\/h2>\t\t<\/div>\n\t\t\t\t<\/div>\n\t\t\t\t<div class=\"elementor-element elementor-element-d9bb06f elementor-widget elementor-widget-text-editor\" data-id=\"d9bb06f\" data-element_type=\"widget\" data-widget_type=\"text-editor.default\">\n\t\t\t\t<div class=\"elementor-widget-container\">\n\t\t\t\t\t\t\t<ul><li>Introduzione<\/li><li>Rilevare gli squilibri di carattere patrimoniale o economico-finanziario<\/li><li>Verificare la non sostenibilit\u00e0 dei debiti e l\u2019assenza di prospettive di continuit\u00e0 aziendale per i dodici mesi successivi<\/li><li>Ricavare le informazioni necessarie a seguire la lista di controllo particolareggiata e a effettuare il test pratico<\/li><li>Rilevare i segnali di allarme<\/li><\/ul>\t\t\t\t\t\t<\/div>\n\t\t\t\t<\/div>\n\t\t\t\t<\/div>\n\t\t\t\t<\/div>\n\t\t<div class=\"elementor-element elementor-element-df81e8a e-flex e-con-boxed e-con e-parent\" data-id=\"df81e8a\" data-element_type=\"container\">\n\t\t\t\t\t<div class=\"e-con-inner\">\n\t\t\t\t<div class=\"elementor-element elementor-element-c65329d elementor-position-left elementor-vertical-align-middle elementor-widget elementor-widget-image-box\" data-id=\"c65329d\" data-element_type=\"widget\" data-widget_type=\"image-box.default\">\n\t\t\t\t<div class=\"elementor-widget-container\">\n\t\t\t<div class=\"elementor-image-box-wrapper\"><figure class=\"elementor-image-box-img\"><img loading=\"lazy\" decoding=\"async\" width=\"100\" height=\"100\" src=\"https:\/\/innexta.it\/skill_up\/wp-content\/uploads\/2024\/10\/Freccina.png\" class=\"attachment-full size-full wp-image-935\" alt=\"\" \/><\/figure><div class=\"elementor-image-box-content\"><p class=\"elementor-image-box-description\">dopo aver superato il test finale composto da 12 domande, il partecipante ricever\u00e0 l\u2019attestato di conseguimento.<\/p><\/div><\/div>\t\t<\/div>\n\t\t\t\t<\/div>\n\t\t\t\t<div class=\"elementor-element elementor-element-2b91f51 elementor-widget elementor-widget-button\" data-id=\"2b91f51\" data-element_type=\"widget\" data-widget_type=\"button.default\">\n\t\t\t\t<div class=\"elementor-widget-container\">\n\t\t\t\t\t\t\t<div class=\"elementor-button-wrapper\">\n\t\t\t\t\t<a class=\"elementor-button elementor-button-link elementor-size-sm\" href=\"https:\/\/innexta.it\/skill_up\/home\/#info\">\n\t\t\t\t\t\t<span class=\"elementor-button-content-wrapper\">\n\t\t\t\t\t\t\t\t\t<span class=\"elementor-button-text\">Richiedi informazioni per l\u2019accesso ai corsi<\/span>\n\t\t\t\t\t<\/span>\n\t\t\t\t\t<\/a>\n\t\t\t\t<\/div>\n\t\t\t\t\t\t<\/div>\n\t\t\t\t<\/div>\n\t\t\t\t\t<\/div>\n\t\t\t\t<\/div>\n\t\t\t\t<\/div>\n\t\t","protected":false},"excerpt":{"rendered":"<p>STRUMENTI DI MONITORAGGIOPER LA PREVENZIONE DELLA CRISIDI IMPRESA Il corso, facendo riferimento al Codice della crisi d&#8217;impresa e dell\u2019insolvenza, trasferisce conoscenze, logiche e strumenti funzionali ad una adeguata analisi dei dati finanziari aziendali al fine di rendere i fruitori in grado di cogliere eventuali segnali anticipatori della crisi e di intraprendere azioni utili a rientrare [&hellip;]<\/p>\n","protected":false},"author":1,"featured_media":0,"parent":0,"menu_order":0,"comment_status":"closed","ping_status":"closed","template":"elementor_header_footer","meta":{"footnotes":""},"class_list":["post-37","page","type-page","status-publish","hentry","entry"],"_links":{"self":[{"href":"https:\/\/innexta.it\/skill_up\/wp-json\/wp\/v2\/pages\/37","targetHints":{"allow":["GET"]}}],"collection":[{"href":"https:\/\/innexta.it\/skill_up\/wp-json\/wp\/v2\/pages"}],"about":[{"href":"https:\/\/innexta.it\/skill_up\/wp-json\/wp\/v2\/types\/page"}],"author":[{"embeddable":true,"href":"https:\/\/innexta.it\/skill_up\/wp-json\/wp\/v2\/users\/1"}],"replies":[{"embeddable":true,"href":"https:\/\/innexta.it\/skill_up\/wp-json\/wp\/v2\/comments?post=37"}],"version-history":[{"count":556,"href":"https:\/\/innexta.it\/skill_up\/wp-json\/wp\/v2\/pages\/37\/revisions"}],"predecessor-version":[{"id":3129,"href":"https:\/\/innexta.it\/skill_up\/wp-json\/wp\/v2\/pages\/37\/revisions\/3129"}],"wp:attachment":[{"href":"https:\/\/innexta.it\/skill_up\/wp-json\/wp\/v2\/media?parent=37"}],"curies":[{"name":"wp","href":"https:\/\/api.w.org\/{rel}","templated":true}]}}